{"id":1047,"date":"2023-08-26T17:18:52","date_gmt":"2023-08-26T15:18:52","guid":{"rendered":"http:\/\/www.lanouvellejerusalem.be\/?page_id=1047"},"modified":"2023-08-26T20:22:32","modified_gmt":"2023-08-26T18:22:32","slug":"sur-les-traces-de-leveque-martin-lukanda-mutyebele-son-ministere-pastoral-et-la-nouvelle-jerusalem","status":"publish","type":"page","link":"https:\/\/www.lanouvellejerusalem.be\/index.php\/sur-les-traces-de-leveque-martin-lukanda-mutyebele-son-ministere-pastoral-et-la-nouvelle-jerusalem\/","title":{"rendered":"\u00ab\u00a0Sur les traces de l&rsquo;Ev\u00eaque Martin Lukanda Mutyebele\u00a0\u00bb &#8211; Son minist\u00e8re pastoral et La Nouvelle J\u00e9rusalem"},"content":{"rendered":"\n<p>Episode 3<\/p>\n\n\n\n<p>L&rsquo;Ev\u00eaque Martin Mutyebele arrive en Belgique avec toute sa famille. Il int\u00e8gre une petite \u00e9glise et tr\u00e8s vite, il se fait remarquer par l&rsquo;assembl\u00e9e. En 1986, il devient Pasteur de cette \u00e9glise et lui donne le nom de La Nouvelle J\u00e9rusalem. <\/p>\n\n\n\n<p>Dans cette troisi\u00e8me partie, les enfants Mutyebele donne un t\u00e9moignage poignant sur leur vie de famille et l&rsquo;amour qu&rsquo;ils portaient pour leurs parents.<\/p>\n\n\n\n<p>Bon visionnage<\/p>\n\n\n\n<figure class=\"wp-block-embed is-type-video is-provider-youtube wp-block-embed-youtube wp-embed-aspect-16-9 wp-has-aspect-ratio\"><div class=\"wp-block-embed__wrapper\">\n<iframe loading=\"lazy\" title=\"Sur les traces de l&#039;Ev\u00eaque Martin Mutyebele - \u00c9pisode 3: Son minist\u00e8re pastoral et La New J\" width=\"500\" height=\"281\" src=\"https:\/\/www.youtube.com\/embed\/P08Vd3Sy5Oc?feature=oembed\" frameborder=\"0\" allow=\"accelerometer; autoplay; clipboard-write; encrypted-media; gyroscope; picture-in-picture; web-share\" referrerpolicy=\"strict-origin-when-cross-origin\" allowfullscreen><\/iframe>\n<\/div><\/figure>\n\n\n","protected":false},"excerpt":{"rendered":"<p>Episode 3 L&rsquo;Ev\u00eaque Martin Mutyebele arrive en Belgique avec toute sa famille. Il int\u00e8gre une petite \u00e9glise et tr\u00e8s vite, il se fait remarquer par l&rsquo;assembl\u00e9e. En 1986, il devient Pasteur de cette \u00e9glise et lui donne le nom de La Nouvelle J\u00e9rusalem. Dans cette troisi\u00e8me partie, les enfants Mutyebele donne un t\u00e9moignage poignant sur [&hellip;]<\/p>\n","protected":false},"author":1,"featured_media":0,"parent":0,"menu_order":0,"comment_status":"closed","ping_status":"closed","template":"","meta":{"_eb_attr":"","footnotes":""},"class_list":["post-1047","page","type-page","status-publish","hentry"],"featured_media_urls":[],"mfb_rest_fields":["gutenberg_elementor_mode","featured_media_urls"],"_links":{"self":[{"href":"https:\/\/www.lanouvellejerusalem.be\/index.php\/wp-json\/wp\/v2\/pages\/1047","targetHints":{"allow":["GET"]}}],"collection":[{"href":"https:\/\/www.lanouvellejerusalem.be\/index.php\/wp-json\/wp\/v2\/pages"}],"about":[{"href":"https:\/\/www.lanouvellejerusalem.be\/index.php\/wp-json\/wp\/v2\/types\/page"}],"author":[{"embeddable":true,"href":"https:\/\/www.lanouvellejerusalem.be\/index.php\/wp-json\/wp\/v2\/users\/1"}],"replies":[{"embeddable":true,"href":"https:\/\/www.lanouvellejerusalem.be\/index.php\/wp-json\/wp\/v2\/comments?post=1047"}],"version-history":[{"count":3,"href":"https:\/\/www.lanouvellejerusalem.be\/index.php\/wp-json\/wp\/v2\/pages\/1047\/revisions"}],"predecessor-version":[{"id":1096,"href":"https:\/\/www.lanouvellejerusalem.be\/index.php\/wp-json\/wp\/v2\/pages\/1047\/revisions\/1096"}],"wp:attachment":[{"href":"https:\/\/www.lanouvellejerusalem.be\/index.php\/wp-json\/wp\/v2\/media?parent=1047"}],"curies":[{"name":"wp","href":"https:\/\/api.w.org\/{rel}","templated":true}]}}