{"id":13,"date":"2023-04-15T20:06:03","date_gmt":"2023-04-15T18:06:03","guid":{"rendered":"http:\/\/www.lanouvellejerusalem.be\/newsite\/?page_id=13"},"modified":"2025-03-20T12:09:40","modified_gmt":"2025-03-20T11:09:40","slug":"qui-sommes-nous","status":"publish","type":"page","link":"https:\/\/www.lanouvellejerusalem.be\/index.php\/qui-sommes-nous\/","title":{"rendered":"Qui sommes-nous"},"content":{"rendered":"\n<div class=\"wp-block-columns is-layout-flex wp-container-core-columns-is-layout-28f84493 wp-block-columns-is-layout-flex\">\n<div class=\"wp-block-column is-layout-flow wp-block-column-is-layout-flow\" style=\"flex-basis:50%\">\n<p style=\"margin-right:0;padding-right:0;padding-left:var(--wp--preset--spacing--small)\">L&rsquo;Eglise La Nouvelle J\u00e9rusalem est une \u00e9glise protestante \u00e9vang\u00e9lique pentec\u00f4tiste. Membre de la Church of God (Eglise de Dieu), du Synode F\u00e9d\u00e9ral des Eglises protestantes et \u00e9vang\u00e9liques de Belgique et dont le culte est reconnu par l\u2019Etat belge via le CACPE, l\u2019\u00e9glise La Nouvelle J\u00e9rusalem est implant\u00e9e en Belgique depuis 1985. L\u2019\u00e9glise-m\u00e8re se situe \u00e0 Bruxelles.<\/p>\n<\/div>\n\n\n\n<div class=\"wp-block-column is-layout-flow wp-block-column-is-layout-flow\" style=\"flex-basis:50%\">\n<p>L\u2019\u00e9glise La Nouvelle J\u00e9rusalem a donn\u00e9 naissance \u00e0 une trentaine d\u2019\u00e9glises r\u00e9parties essentiellement sur tout le territoire belge, mais aussi en Allemagne, en France, en Russie, aux \u00c9tats-unis et en R\u00e9publique d\u00e9mocratique du Congo.<\/p>\n<\/div>\n<\/div>\n\n\n\n<h1 class=\"wp-block-heading\" style=\"margin-bottom:15px;font-size:clamp(0.875rem, 0.875rem + ((1vw - 0.2rem) * 0.375), 1.1rem);font-style:normal;font-weight:700\"><\/h1>\n\n\n\n<div class=\"wp-block-media-text alignwide has-media-on-the-right is-stacked-on-mobile is-style-shadow-media\" style=\"grid-template-columns:auto 25%\"><div class=\"wp-block-media-text__content\">\n<h2 class=\"wp-block-heading has-text-align-left has-text-color\" style=\"color:#275cab;margin-bottom:15px;font-size:clamp(1.502rem, 1.502rem + ((1vw - 0.2rem) * 1.663), 2.5rem);font-style:normal;font-weight:700\">Le pasteur titulaire<\/h2>\n\n\n\n<h2 class=\"wp-block-heading\" style=\"margin-bottom:15px;font-size:clamp(1.039rem, 1.039rem + ((1vw - 0.2rem) * 0.935), 1.6rem);font-style:normal;font-weight:700\">Didier N. MUTYEBELE<\/h2>\n\n\n\n<p class=\"has-text-align-justify has-small-font-size\" style=\"line-height:1.3\">Depuis le 24 Novembre 2019, l\u2019\u00e9glise La Nouvelle J\u00e9rusalem est dirig\u00e9e par le Pasteur titulaire Didier N. Mutyebele, qui a succ\u00e9d\u00e9 \u00e0 son p\u00e8re, l\u2019Ev\u00eaque et Docteur Martin L. Mutyebele.<\/p>\n\n\n\n<p class=\"has-text-align-justify has-small-font-size\" style=\"line-height:1.3\">Le Pasteur Didier Mutyebele est ing\u00e9nieur industriel de formation. Issu d\u2019une famille de 6 enfants, il est mari\u00e9 \u00e0 Claudine Chiribagula et ont 4 enfants.<\/p>\n\n\n\n<p style=\"line-height:1.2\">Depuis son plus jeune \u00e2ge, il a \u00e9volu\u00e9 dans l\u2019\u00e9glise o\u00f9 il a exerc\u00e9 les fonctions de pianiste depuis 1988 au sein de l\u2019\u00e9glise et a int\u00e9gr\u00e9 \u00e9galement la chorale des mamans (qui plus tard fut rebaptis\u00e9e : la Chorale Esp\u00e9rance). En 1989, il fait partie du petit groupe au d\u00e9marrage de l\u2019\u00e9quipe de louange avec entre autre Serge Kiavila, pour ensuite endosser le r\u00f4le de directeur technique et artistique de la chorale en 1993 et de l\u2019\u00e9quipe de louange en 1994.<\/p>\n<\/div><figure class=\"wp-block-media-text__media\"><img loading=\"lazy\" decoding=\"async\" width=\"682\" height=\"1024\" src=\"http:\/\/www.lanouvellejerusalem.be\/newsite\/wp-content\/uploads\/2023\/06\/WhatsApp-Image-2023-06-08-at-20.41.22.jpeg\" alt=\"\" class=\"wp-image-371 size-full\" srcset=\"https:\/\/www.lanouvellejerusalem.be\/wp-content\/uploads\/2023\/06\/WhatsApp-Image-2023-06-08-at-20.41.22.jpeg 682w, https:\/\/www.lanouvellejerusalem.be\/wp-content\/uploads\/2023\/06\/WhatsApp-Image-2023-06-08-at-20.41.22-200x300.jpeg 200w\" sizes=\"auto, (max-width: 682px) 100vw, 682px\" \/><\/figure><\/div>\n\n\n\n<div class=\"wp-block-columns is-layout-flex wp-container-core-columns-is-layout-43f427bc wp-block-columns-is-layout-flex\" style=\"border-style:none;border-width:0px;padding-top:0;padding-right:var(--wp--preset--spacing--small);padding-bottom:0;padding-left:var(--wp--preset--spacing--small)\">\n<div class=\"wp-block-column is-layout-flow wp-block-column-is-layout-flow\">\n<p class=\"has-text-align-justify has-small-font-size\" style=\"line-height:1.2\">Cette m\u00eame ann\u00e9e, la chorale de masse de la Nouvelle J\u00e9rusalem est form\u00e9e. Cette grande chorale (qui r\u00e9unit tous les chanteurs des diff\u00e9rentes \u00e9glises La Nouvelle J\u00e9rusalem de Belgique) prend naissance sous l\u2019impulsion du Pasteur en 1993 et est dirig\u00e9e dans sa premi\u00e8re \u00e9dition par Nino Di Stefano, et ensuite par Didier Mutyebele d\u2019abord en codirection jusqu\u2019en 2001 et comme Directeur jusqu\u2019\u00e0 ce jour.<\/p>\n\n\n\n<p class=\"has-small-font-size\" style=\"line-height:1.2\">En 2003, Il est consacr\u00e9 comme Pasteur de la musique et directeur national de la musique.<\/p>\n<\/div>\n\n\n\n<div class=\"wp-block-column is-layout-flow wp-block-column-is-layout-flow\">\n<p class=\"has-text-align-justify has-small-font-size\" style=\"line-height:1.2\">Compositeur depuis son adolescence (il a \u00e0 son actif plus de 200 compositions et plusieurs productions musicales), il poss\u00e8de une formation musicale accomplie : ses 8 ann\u00e9es \u00e0 l\u2019Acad\u00e9mie de musique lui ont permis de d\u00e9velopper ses talents musicaux. Autodidacte, il joue au piano, \u00e0 la trompette et aux percussions.<\/p>\n\n\n\n<p class=\"has-text-align-justify has-small-font-size\" style=\"line-height:1.2\">Depuis sa cons\u00e9cration le 24 novembre 2019, le Pasteur Didier Mutyebele, dans la lign\u00e9e de son p\u00e8re, donne une nouvelle dynamique \u00e0 l\u2019Eglise, et la conduit avec un style propre \u00e0 l\u2019appel qu\u2019il a re\u00e7u par l\u2019aide et la force que le Seigneur lui donne.<\/p>\n<\/div>\n<\/div>\n\n\n\n<div class=\"wp-block-media-text alignwide has-media-on-the-right is-stacked-on-mobile is-style-shadow-media\" style=\"grid-template-columns:auto 44%\"><div class=\"wp-block-media-text__content\">\n<h2 class=\"wp-block-heading has-text-align-left has-text-color\" style=\"color:#275cab;margin-bottom:15px;font-size:clamp(1.502rem, 1.502rem + ((1vw - 0.2rem) * 1.663), 2.5rem);font-style:normal;font-weight:700\">Le fondateur<\/h2>\n\n\n\n<h2 class=\"wp-block-heading\" style=\"margin-bottom:15px;font-size:clamp(1.039rem, 1.039rem + ((1vw - 0.2rem) * 0.935), 1.6rem);font-style:normal;font-weight:700\">L&rsquo;\u00e9v\u00eaque Martin LUKANDA MUTYEBELE<\/h2>\n\n\n\n<p class=\"has-text-align-justify has-small-font-size\" style=\"line-height:1.3\">L\u2019\u00e9v\u00eaque Martin Lukanda Mutyebele en \u00e9tait le fondateur. Mari\u00e9 au pasteur Rosiane Ngoi, il \u00e9tait p\u00e8re de 6 enfants. N\u00e9 en 1950 en R\u00e9publique D\u00e9mocratique du Congo, il se convertit en 1970 et re\u00e7u son appel en 1973 alors qu&rsquo;il \u00e9tait \u00e9tudiant \u00e0 l&rsquo;Universit\u00e9 de Dakar au S\u00e9n\u00e9gal. Pendant son s\u00e9jour au S\u00e9n\u00e9gal, il devint Pr\u00e9sident du Groupe Biblique Universitaire et le resta pendant 4 ans.<\/p>\n\n\n\n<p class=\"has-text-align-justify has-small-font-size\" style=\"line-height:1.3\">Il fut contraint de quitter le S\u00e9n\u00e9gal pour des raisons de sant\u00e9 et reprit ses \u00e9tudes au Campus de Lubumbashi au Congo, o\u00f9 pendant cinq ans, il fut pr\u00e9sident de la paroisse Universitaire Protestante du campus de Lubumbashi. En 1977, \u00e9tant encore \u00e9tudiant, il participa activement, avec l&rsquo;\u00e9vang\u00e9liste suisse Jean Monod, \u00e0 la cr\u00e9ation de la paroisse \u00a0\u00bb Viens et Vois \u00ab\u00a0.<\/p>\n<\/div><figure class=\"wp-block-media-text__media\"><img loading=\"lazy\" decoding=\"async\" width=\"1024\" height=\"683\" src=\"http:\/\/www.lanouvellejerusalem.be\/newsite\/wp-content\/uploads\/2023\/05\/IMG_9181-e1684497509548-1024x683.jpg\" alt=\"\" class=\"wp-image-211 size-full\" srcset=\"https:\/\/www.lanouvellejerusalem.be\/wp-content\/uploads\/2023\/05\/IMG_9181-e1684497509548-1024x683.jpg 1024w, https:\/\/www.lanouvellejerusalem.be\/wp-content\/uploads\/2023\/05\/IMG_9181-e1684497509548-300x200.jpg 300w, https:\/\/www.lanouvellejerusalem.be\/wp-content\/uploads\/2023\/05\/IMG_9181-e1684497509548-768x512.jpg 768w, https:\/\/www.lanouvellejerusalem.be\/wp-content\/uploads\/2023\/05\/IMG_9181-e1684497509548-1536x1024.jpg 1536w, https:\/\/www.lanouvellejerusalem.be\/wp-content\/uploads\/2023\/05\/IMG_9181-e1684497509548.jpg 2048w\" sizes=\"auto, (max-width: 1024px) 100vw, 1024px\" \/><\/figure><\/div>\n\n\n\n<div class=\"wp-block-columns is-layout-flex wp-container-core-columns-is-layout-4e9df176 wp-block-columns-is-layout-flex\" style=\"padding-top:var(--wp--preset--spacing--x-small);padding-right:var(--wp--preset--spacing--x-small);padding-bottom:var(--wp--preset--spacing--x-small);padding-left:var(--wp--preset--spacing--x-small)\">\n<div class=\"wp-block-column is-layout-flow wp-block-column-is-layout-flow\">\n<p class=\"has-text-align-justify has-small-font-size\" style=\"padding-right:0;padding-left:var(--wp--preset--spacing--x-small);line-height:1.3\">En 1980, il d\u00e9crocha son dipl\u00f4me d&rsquo;Ing\u00e9nieur Civil m\u00e9tallurgiste. Apr\u00e8s 3 ans de ch\u00f4mage, il fut engag\u00e9 \u00e0 la Sozacom (Soci\u00e9t\u00e9 Za\u00efroise pour la Commercialisation des minerais) qui sera son tremplin vers la Belgique.<\/p>\n\n\n\n<p class=\"has-text-align-justify has-small-font-size\" style=\"padding-right:0;padding-left:var(--wp--preset--spacing--x-small);line-height:1.3\">En 1985, il rejoint \u00e0 Bruxelles une petite \u00e9glise naissante faisant partie de l\u2019Eglise de Dieu, dirig\u00e9e par le pasteur missionnaire am\u00e9ricain Jean Tijerina. Tr\u00e8s vite, il devint une aide au pasteur pour la croissance de cette petite paroisse. Il est aussi \u00e0 cette m\u00eame \u00e9poque vice-pr\u00e9sident du Full Gospel de Bruxelles.<\/p>\n<\/div>\n\n\n\n<div class=\"wp-block-column is-layout-flow wp-block-column-is-layout-flow\">\n<p class=\"has-text-align-justify has-small-font-size\" style=\"padding-right:var(--wp--preset--spacing--x-small);line-height:1.3\">En 1986, suite au d\u00e9part du pasteur Tijerina il est consacr\u00e9 pasteur de cette paroisse par une d\u00e9l\u00e9gation de la hi\u00e9rarchie am\u00e9ricaine de La Church of God ; c\u2019est suite \u00e0 sa titularisation qu\u2019il donne \u00e0 l\u2019Eglise le nom de La Nouvelle J\u00e9rusalem, \u00e0 l\u2019image de la nouvelle cit\u00e9e dont il est fait mention dans l\u2019Apocalypse, qui est le dernier livre de la Bible (dans la d\u00e9l\u00e9gation qui est pr\u00e9sente \u00e0 sa cons\u00e9cration il y a notamment le Dr Macclung, futur directeur de l\u2019Europe pour la Church of God).<\/p>\n\n\n\n<p class=\"has-text-align-justify has-small-font-size\" style=\"padding-right:var(--wp--preset--spacing--x-small);line-height:1.3\">L\u2019Eglise grandit, et voyant que beaucoup de fid\u00e8les viennent de loin pour participer aux cultes de Bruxelles, le Pasteur Martin a \u00e0 c\u0153ur de leur trouver une solution locale : en 1987, il fonde la 1\u00e8re Eglise fille : la Nouvelle J\u00e9rusalem d\u2019Anvers.<\/p>\n<\/div>\n\n\n\n<div class=\"wp-block-column is-layout-flow wp-block-column-is-layout-flow\">\n<p class=\"has-text-align-justify has-small-font-size\" style=\"padding-right:var(--wp--preset--spacing--x-small);line-height:1.3\">L\u2019Eglise de Bruxelles continue son expansion, et par manque de place doit d\u00e9m\u00e9nager \u00e0 plusieurs reprises. Elle va acqu\u00e9rir son propre b\u00e2timent, un domaine situ\u00e9 au 174 rue Picard de la commune Bruxelloise de Molenbeek-Saint-Jean au d\u00e9but des ann\u00e9es 2000.<\/p>\n\n\n\n<p class=\"has-text-align-justify has-small-font-size\" style=\"padding-right:var(--wp--preset--spacing--x-small);line-height:1.3\">L\u2019Ev\u00eaque Mutyebele a \u00e9t\u00e9 \u00e9galement Docteur en th\u00e9ologie, Pr\u00e9sident de la Facult\u00e9 th\u00e9ologique de Bruxelles ; il a \u00e9t\u00e9 durant plusieurs ann\u00e9es membre du Conseil International de l\u2019Eglise de Dieu ; il est reconnu par ses pairs comme \u00e9tant un Enseignant de la Parole de Dieu, un Berger, un Implanteur d\u2019Eglises (travail pour lequel il a re\u00e7u de nombreux prix), un Ap\u00f4tre de l\u2019Evangile, mais avant tout un homme de Pri\u00e8re, et un Serviteur, au service des hommes, de l\u2019\u00e9glise et de Dieu.<\/p>\n\n\n\n<p class=\"has-text-align-justify has-small-font-size\" style=\"padding-right:var(--wp--preset--spacing--x-small);line-height:1.3\">L\u2019\u00e9v\u00eaque Martin Lukanda Mutyebele d\u00e9c\u00e8de le 29 ao\u00fbt 2019, laissant derri\u00e8re lui une \u00e9glise-m\u00e8re avec environ 2000 membres et des \u00e9glises implant\u00e9es sur tout le territoire belge et dans le monde.<\/p>\n<\/div>\n<\/div>\n\n\n\n<div class=\"wp-block-media-text alignwide has-media-on-the-right is-stacked-on-mobile is-style-shadow-media\" style=\"grid-template-columns:auto 32%\"><div class=\"wp-block-media-text__content\">\n<h2 class=\"wp-block-heading\" style=\"margin-bottom:15px;font-size:clamp(1.039rem, 1.039rem + ((1vw - 0.2rem) * 0.935), 1.6rem);font-style:normal;font-weight:700\">Pasteur Rosiane NGOI<\/h2>\n\n\n\n<p class=\"has-text-align-justify\" style=\"margin-bottom:0px;font-size:clamp(0.875rem, 0.875rem + ((1vw - 0.2rem) * 0.208), 1rem);letter-spacing:0px;line-height:1.2\">Rosiane Ngoi Mutyebele \u00e9tait l\u2019\u00e9pouse du Dr Martin Lukanda Mutyebele. Fille du couple pastoral Samuel et Melechie Ngoie Wa Kyulu (de la 30\u00e8me communaut\u00e9 de l\u2019\u00e9glise du Christ en R\u00e9publique d\u00e9mocratique du Congo), le pasteur Rosiane a grandi dans l\u2019\u00e9glise et \u00e0 consacr\u00e9 sa vie comme servante de Dieu. Pendant plus de 40 ans, elle a travaill\u00e9 aux c\u00f4t\u00e9s de son \u00e9poux.<\/p>\n\n\n\n<p class=\"has-text-align-justify\" style=\"margin-bottom:0px;font-size:clamp(0.875rem, 0.875rem + ((1vw - 0.2rem) * 0.208), 1rem);letter-spacing:0px;line-height:1.2\">Elle participe \u00e0 la mise en route de l\u2019\u00e9cole du dimanche de La Nouvelle J\u00e9rusalem, devint monitrice puis directrice. Parall\u00e8lement \u00e0 son implication aupr\u00e8s des enfants, elle s\u2019investit dans le d\u00e9partement des femmes. Apr\u00e8s de nombreuses ann\u00e9es, elle en devint la Pr\u00e9sidente et ce, pendant pr\u00e8s de 20 ans et jusqu\u2019\u00e0 son dernier souffle.<\/p>\n\n\n\n<p class=\"has-text-align-justify\" style=\"margin-bottom:0px;font-size:clamp(0.875rem, 0.875rem + ((1vw - 0.2rem) * 0.208), 1rem);letter-spacing:0px;line-height:1.2\">Elle s\u2019est occup\u00e9e aussi des adolescents, et participa activement au d\u00e9marrage de ce minist\u00e8re dont elle sera la pr\u00e9sidente pendant de nombreuses ann\u00e9es.<\/p>\n<\/div><figure class=\"wp-block-media-text__media\"><img loading=\"lazy\" decoding=\"async\" width=\"1024\" height=\"973\" src=\"http:\/\/www.lanouvellejerusalem.be\/newsite\/wp-content\/uploads\/2023\/04\/IMG_9223-e1682361800144-1024x973.jpg\" alt=\"\" class=\"wp-image-184 size-full\" srcset=\"https:\/\/www.lanouvellejerusalem.be\/wp-content\/uploads\/2023\/04\/IMG_9223-e1682361800144-1024x973.jpg 1024w, https:\/\/www.lanouvellejerusalem.be\/wp-content\/uploads\/2023\/04\/IMG_9223-e1682361800144-300x285.jpg 300w, https:\/\/www.lanouvellejerusalem.be\/wp-content\/uploads\/2023\/04\/IMG_9223-e1682361800144-768x730.jpg 768w, https:\/\/www.lanouvellejerusalem.be\/wp-content\/uploads\/2023\/04\/IMG_9223-e1682361800144.jpg 1438w\" sizes=\"auto, (max-width: 1024px) 100vw, 1024px\" \/><\/figure><\/div>\n\n\n\n<div class=\"wp-block-columns is-layout-flex wp-container-core-columns-is-layout-28f84493 wp-block-columns-is-layout-flex\">\n<div class=\"wp-block-column is-layout-flow wp-block-column-is-layout-flow\" style=\"padding-top:var(--wp--preset--spacing--small);padding-right:var(--wp--preset--spacing--small);padding-bottom:var(--wp--preset--spacing--small);padding-left:var(--wp--preset--spacing--small)\">\n<p class=\"has-text-align-justify has-small-font-size\" style=\"line-height:1.2\">En 1998, apr\u00e8s avoir pass\u00e9e sa certification d\u2019exhortateur aux c\u00f4t\u00e9s du pasteur Berthine Biatshini elle est confirm\u00e9e comme Pasteur Assistante de l\u2019Eglise maire (elle est l\u2019une des premi\u00e8res Femmes Pasteures de La Nouvelle J\u00e9rusalem en Belgique).<\/p>\n\n\n\n<p class=\"has-text-align-justify has-small-font-size\" style=\"line-height:1.2\">En 2006, elle obtient sa certification de Licence d\u2019Ordination (qui est le plus haut rang pour une femme Pasteure dans l\u2019Eglise de Dieu, et qui lui permet d\u2019exercer son minist\u00e8re Pastoral sans aucune restriction).<\/p>\n\n\n\n<p class=\"has-text-align-justify has-small-font-size\" style=\"line-height:1.2\">Dans ses attributions minist\u00e9rielles, elle est \u00e9galement tr\u00e8s impliqu\u00e9e dans la relation d\u2019aide, et dans la pr\u00e9paration des couples au mariage.<\/p>\n<\/div>\n\n\n\n<div class=\"wp-block-column is-layout-flow wp-block-column-is-layout-flow\" style=\"padding-top:var(--wp--preset--spacing--small);padding-right:var(--wp--preset--spacing--small);padding-bottom:var(--wp--preset--spacing--small);padding-left:var(--wp--preset--spacing--small)\">\n<p class=\"has-text-align-justify has-small-font-size\" style=\"line-height:1.2\">Elle est depuis de nombreuses ann\u00e9es pr\u00e9dicatrice, reconnue pour son franc parl\u00e9 et son style atypique et propre \u00e0 elle : sa derni\u00e8re pr\u00e9dication, sur le sujet du pardon, est une p\u00e9pite qu\u2019elle a laiss\u00e9e en h\u00e9ritage \u00e0 toute une g\u00e9n\u00e9ration qui pleure sa maman.<\/p>\n\n\n\n<p class=\"has-text-align-justify has-small-font-size\" style=\"line-height:1.2\">Ayant eu \u00e0 c\u0153ur d\u2019aider des enfants d\u00e9favoris\u00e9s en R\u00e9publique D\u00e9mocratique du Congo \u00e0 acc\u00e9der \u00e0 la scolarit\u00e9, elle a cr\u00e9\u00e9 et dirig\u00e9 jusqu\u2019\u00e0 ce jour l\u2019association Espoir et futur.<\/p>\n\n\n\n<p class=\"has-text-align-justify has-small-font-size\" style=\"line-height:1.2\">Elle \u00e9tait m\u00e8re de six enfants: Titi, Didier, Lydia, Gr\u00e2ce, Tito et Aim\u00e9e. Belle-m\u00e8re de Guy, Claudine, Olivier, Peter, Charl\u00e8ne et Jean-Marc. Et grand-m\u00e8re de 15 petits-enfants: Guy-Martin et A\u00efsha, S\u00e9phora, Tito, Nathan et Samuel, Elisabeth-Rose et Olivier, Maxime et Alex, Caleb et Evang\u00e9lina, Joanie,Joshua et Lucas.<\/p>\n\n\n\n<p class=\"has-small-font-size\" style=\"line-height:1.2\">Elle est d\u00e9c\u00e9d\u00e9e le 21 mars 2020.<\/p>\n<\/div>\n<\/div>\n\n\n\n<div class=\"wp-block-columns is-layout-flex wp-container-core-columns-is-layout-28f84493 wp-block-columns-is-layout-flex\">\n<div class=\"wp-block-column is-layout-flow wp-block-column-is-layout-flow\" style=\"flex-basis:20%\"><\/div>\n\n\n\n<div class=\"wp-block-column is-layout-flow wp-block-column-is-layout-flow\" style=\"flex-basis:60%\">\n<div class=\"wp-block-slider-block-slider-block\"><div class=\"eb-parent-wrapper eb-parent-eb-slider-shnjubg \"><div class=\"eb-slider-wrapper eb-slider-shnjubg\" data-settings=\"{&quot;arrows&quot;:true,&quot;adaptiveHeight&quot;:false,&quot;autoplay&quot;:true,&quot;autoplaySpeed&quot;:3000,&quot;dots&quot;:true,&quot;fade&quot;:false,&quot;infinite&quot;:true,&quot;pauseOnHover&quot;:true,&quot;slidesToShow&quot;:1,&quot;speed&quot;:500,&quot;initialSlide&quot;:0,&quot;vertical&quot;:false,&quot;responsive&quot;:[{&quot;breakpoint&quot;:1025,&quot;settings&quot;:{&quot;slidesToShow&quot;:1}},{&quot;breakpoint&quot;:767,&quot;settings&quot;:{&quot;slidesToShow&quot;:1}}]}\" data-images=\"[{&quot;url&quot;:&quot;http:\/\/www.lanouvellejerusalem.be\/wp-content\/uploads\/2023\/06\/papa-maman-1.jpg&quot;,&quot;alt&quot;:&quot;&quot;,&quot;id&quot;:0,&quot;imageId&quot;:530,&quot;caption&quot;:&quot;&quot;,&quot;title&quot;:&quot;Slider 1&quot;,&quot;subtitle&quot;:&quot;Essential Blocks Slider Subtitle&quot;,&quot;showButton&quot;:true,&quot;buttonText&quot;:&quot;See More&quot;,&quot;buttonUrl&quot;:&quot;&quot;,&quot;openNewTab&quot;:false,&quot;isValidUrl&quot;:true},{&quot;url&quot;:&quot;http:\/\/www.lanouvellejerusalem.be\/wp-content\/uploads\/2023\/04\/IMG_9171.jpg&quot;,&quot;alt&quot;:&quot;&quot;,&quot;id&quot;:1,&quot;imageId&quot;:183,&quot;caption&quot;:&quot;&quot;,&quot;title&quot;:&quot;Slider 1&quot;,&quot;subtitle&quot;:&quot;Essential Blocks Slider Subtitle&quot;,&quot;showButton&quot;:true,&quot;buttonText&quot;:&quot;See More&quot;,&quot;buttonUrl&quot;:&quot;&quot;,&quot;openNewTab&quot;:false,&quot;isValidUrl&quot;:true},{&quot;url&quot;:&quot;http:\/\/www.lanouvellejerusalem.be\/wp-content\/uploads\/2023\/04\/IMG_9233-e1682361855516.jpg&quot;,&quot;alt&quot;:&quot;&quot;,&quot;id&quot;:2,&quot;imageId&quot;:186,&quot;caption&quot;:&quot;&quot;,&quot;title&quot;:&quot;Slider 3&quot;,&quot;subtitle&quot;:&quot;Essential Blocks Slider Subtitle&quot;,&quot;showButton&quot;:true,&quot;buttonText&quot;:&quot;See More&quot;,&quot;buttonUrl&quot;:&quot;&quot;,&quot;openNewTab&quot;:false,&quot;isValidUrl&quot;:true},{&quot;url&quot;:&quot;http:\/\/www.lanouvellejerusalem.be\/wp-content\/uploads\/2023\/04\/IMG_9151-1.jpg&quot;,&quot;alt&quot;:&quot;&quot;,&quot;id&quot;:3,&quot;imageId&quot;:187,&quot;caption&quot;:&quot;&quot;,&quot;title&quot;:&quot;Slider 2&quot;,&quot;subtitle&quot;:&quot;Essential Blocks Slider Subtitle&quot;,&quot;showButton&quot;:true,&quot;buttonText&quot;:&quot;See More&quot;,&quot;buttonUrl&quot;:&quot;&quot;,&quot;openNewTab&quot;:false,&quot;isValidUrl&quot;:true},{&quot;url&quot;:&quot;http:\/\/www.lanouvellejerusalem.be\/wp-content\/uploads\/2023\/04\/IMG_9222.jpg&quot;,&quot;alt&quot;:&quot;&quot;,&quot;id&quot;:4,&quot;imageId&quot;:182,&quot;caption&quot;:&quot;&quot;,&quot;title&quot;:&quot;Slider 3&quot;,&quot;subtitle&quot;:&quot;Essential Blocks Slider Subtitle&quot;,&quot;showButton&quot;:true,&quot;buttonText&quot;:&quot;See More&quot;,&quot;buttonUrl&quot;:&quot;&quot;,&quot;openNewTab&quot;:false,&quot;isValidUrl&quot;:true},{&quot;url&quot;:&quot;http:\/\/www.lanouvellejerusalem.be\/wp-content\/uploads\/2023\/04\/DSC_0554-scaled-e1682361885681.jpg&quot;,&quot;alt&quot;:&quot;&quot;,&quot;id&quot;:5,&quot;imageId&quot;:185,&quot;caption&quot;:&quot;&quot;,&quot;title&quot;:&quot;Slider 4&quot;,&quot;subtitle&quot;:&quot;Essential Blocks Slider Subtitle&quot;,&quot;showButton&quot;:true,&quot;buttonText&quot;:&quot;See More&quot;,&quot;buttonUrl&quot;:&quot;&quot;,&quot;openNewTab&quot;:false,&quot;isValidUrl&quot;:true}]\" data-slidercontenttype=\"content-1\" data-slidertype=\"image\" data-textalign=\"left\"><div class=\"image\"><div class=\"eb-slider-item content-1\"><img decoding=\"async\" class=\"eb-slider-image\" src=\"http:\/\/www.lanouvellejerusalem.be\/wp-content\/uploads\/2023\/06\/papa-maman-1.jpg\"\/><\/div><div class=\"eb-slider-item content-1\"><img decoding=\"async\" class=\"eb-slider-image\" src=\"http:\/\/www.lanouvellejerusalem.be\/wp-content\/uploads\/2023\/04\/IMG_9171.jpg\"\/><\/div><div class=\"eb-slider-item content-1\"><img decoding=\"async\" class=\"eb-slider-image\" src=\"http:\/\/www.lanouvellejerusalem.be\/wp-content\/uploads\/2023\/04\/IMG_9233-e1682361855516.jpg\"\/><\/div><div class=\"eb-slider-item content-1\"><img decoding=\"async\" class=\"eb-slider-image\" src=\"http:\/\/www.lanouvellejerusalem.be\/wp-content\/uploads\/2023\/04\/IMG_9151-1.jpg\"\/><\/div><div class=\"eb-slider-item content-1\"><img decoding=\"async\" class=\"eb-slider-image\" src=\"http:\/\/www.lanouvellejerusalem.be\/wp-content\/uploads\/2023\/04\/IMG_9222.jpg\"\/><\/div><div class=\"eb-slider-item content-1\"><img decoding=\"async\" class=\"eb-slider-image\" src=\"http:\/\/www.lanouvellejerusalem.be\/wp-content\/uploads\/2023\/04\/DSC_0554-scaled-e1682361885681.jpg\"\/><\/div><\/div><\/div><\/div><\/div>\n<\/div>\n\n\n\n<div class=\"wp-block-column is-layout-flow wp-block-column-is-layout-flow\" style=\"flex-basis:20%\"><\/div>\n<\/div>\n\n\n\n<p><\/p>\n","protected":false},"excerpt":{"rendered":"<p>L&rsquo;Eglise La Nouvelle J\u00e9rusalem est une \u00e9glise protestante \u00e9vang\u00e9lique pentec\u00f4tiste. Membre de la Church of God (Eglise de Dieu), du Synode F\u00e9d\u00e9ral des Eglises protestantes et \u00e9vang\u00e9liques de Belgique et dont le culte est reconnu par l\u2019Etat belge via le CACPE, l\u2019\u00e9glise La Nouvelle J\u00e9rusalem est implant\u00e9e en Belgique depuis 1985. L\u2019\u00e9glise-m\u00e8re se situe \u00e0 [&hellip;]<\/p>\n","protected":false},"author":1,"featured_media":0,"parent":0,"menu_order":0,"comment_status":"closed","ping_status":"closed","template":"","meta":{"_eb_attr":"","footnotes":""},"class_list":["post-13","page","type-page","status-publish","hentry"],"featured_media_urls":[],"mfb_rest_fields":["gutenberg_elementor_mode","featured_media_urls"],"_links":{"self":[{"href":"https:\/\/www.lanouvellejerusalem.be\/index.php\/wp-json\/wp\/v2\/pages\/13","targetHints":{"allow":["GET"]}}],"collection":[{"href":"https:\/\/www.lanouvellejerusalem.be\/index.php\/wp-json\/wp\/v2\/pages"}],"about":[{"href":"https:\/\/www.lanouvellejerusalem.be\/index.php\/wp-json\/wp\/v2\/types\/page"}],"author":[{"embeddable":true,"href":"https:\/\/www.lanouvellejerusalem.be\/index.php\/wp-json\/wp\/v2\/users\/1"}],"replies":[{"embeddable":true,"href":"https:\/\/www.lanouvellejerusalem.be\/index.php\/wp-json\/wp\/v2\/comments?post=13"}],"version-history":[{"count":27,"href":"https:\/\/www.lanouvellejerusalem.be\/index.php\/wp-json\/wp\/v2\/pages\/13\/revisions"}],"predecessor-version":[{"id":2886,"href":"https:\/\/www.lanouvellejerusalem.be\/index.php\/wp-json\/wp\/v2\/pages\/13\/revisions\/2886"}],"wp:attachment":[{"href":"https:\/\/www.lanouvellejerusalem.be\/index.php\/wp-json\/wp\/v2\/media?parent=13"}],"curies":[{"name":"wp","href":"https:\/\/api.w.org\/{rel}","templated":true}]}}