{"id":1623,"date":"2023-08-30T15:20:39","date_gmt":"2023-08-30T13:20:39","guid":{"rendered":"http:\/\/www.lanouvellejerusalem.be\/?page_id=1623"},"modified":"2023-08-30T19:57:33","modified_gmt":"2023-08-30T17:57:33","slug":"sur-les-traces-de-leveque-martin-lukanda-mutyebele-les-debuts-des-ministeres-a-la-nouvelle-jerusalem","status":"publish","type":"page","link":"https:\/\/www.lanouvellejerusalem.be\/index.php\/sur-les-traces-de-leveque-martin-lukanda-mutyebele-les-debuts-des-ministeres-a-la-nouvelle-jerusalem\/","title":{"rendered":"\u00ab\u00a0Sur les traces de l\u2019Ev\u00eaque Martin Lukanda Mutyebele\u00a0\u00bb \u2013\u00a0Les d\u00e9buts des minist\u00e8res \u00e0 La Nouvelle J\u00e9rusalem"},"content":{"rendered":"\n<p>Episode 4<\/p>\n\n\n\n<p>Lors de notre soir\u00e9e d\u2019inauguration, nous avons regard\u00e9 les \u00e9pisodes 1 2 et 3 qui relataient la vie, l\u2019enfance et le parcours scolaire du Bishop Martin et de son \u00e9pouse maman Rosiane en R\u00e9publique d\u00e9mocratique du Congo, en passant par leur premier emploi respectif, jusqu\u2019\u00e0 leur arriv\u00e9e en Belgique. Apr\u00e8s avoir rejoint une petite paroisse, le fr\u00e8re Martin qui s\u2019\u00e9tait bien int\u00e9gr\u00e9, devient quelques mois plus tard le Pasteur de cette \u00e9glise qu\u2019il nomme&nbsp;: La Nouvelle J\u00e9rusalem.<\/p>\n\n\n\n<p>L\u2019\u00e9pisode 4, que nous vous pr\u00e9sentons aujourd\u2019hui raconte les d\u00e9buts des minist\u00e8res \u00e0 La Nouvelle J\u00e9rusalem&nbsp;: l\u2019\u00e9quipe de louange, l\u2019Ecodim, les chorales, le service d\u2019ordre et d\u2019accueil pour ne citer que ceux-ci.<\/p>\n\n\n\n<p>D\u00e9couvrez cela en image.<\/p>\n\n\n\n<p>Bon visionnage.<\/p>\n\n\n\n<figure class=\"wp-block-embed is-type-video is-provider-youtube wp-block-embed-youtube wp-embed-aspect-4-3 wp-has-aspect-ratio\"><div class=\"wp-block-embed__wrapper\">\n<iframe loading=\"lazy\" title=\"Sur les traces de l&#039;Ev\u00eaque Martin Mutyebele - \u00c9pisode 4: Les d\u00e9buts des minist\u00e8res \u00e0 La Nouvelle J.\" width=\"500\" height=\"281\" src=\"https:\/\/www.youtube.com\/embed\/UPfUNTpE9_c?feature=oembed\" frameborder=\"0\" allow=\"accelerometer; autoplay; clipboard-write; encrypted-media; gyroscope; picture-in-picture; web-share\" referrerpolicy=\"strict-origin-when-cross-origin\" allowfullscreen><\/iframe>\n<\/div><\/figure>\n","protected":false},"excerpt":{"rendered":"<p>Episode 4 Lors de notre soir\u00e9e d\u2019inauguration, nous avons regard\u00e9 les \u00e9pisodes 1 2 et 3 qui relataient la vie, l\u2019enfance et le parcours scolaire du Bishop Martin et de son \u00e9pouse maman Rosiane en R\u00e9publique d\u00e9mocratique du Congo, en passant par leur premier emploi respectif, jusqu\u2019\u00e0 leur arriv\u00e9e en Belgique. Apr\u00e8s avoir rejoint une [&hellip;]<\/p>\n","protected":false},"author":1,"featured_media":0,"parent":0,"menu_order":0,"comment_status":"closed","ping_status":"closed","template":"","meta":{"_eb_attr":"","footnotes":""},"class_list":["post-1623","page","type-page","status-publish","hentry"],"featured_media_urls":[],"mfb_rest_fields":["gutenberg_elementor_mode","featured_media_urls"],"_links":{"self":[{"href":"https:\/\/www.lanouvellejerusalem.be\/index.php\/wp-json\/wp\/v2\/pages\/1623","targetHints":{"allow":["GET"]}}],"collection":[{"href":"https:\/\/www.lanouvellejerusalem.be\/index.php\/wp-json\/wp\/v2\/pages"}],"about":[{"href":"https:\/\/www.lanouvellejerusalem.be\/index.php\/wp-json\/wp\/v2\/types\/page"}],"author":[{"embeddable":true,"href":"https:\/\/www.lanouvellejerusalem.be\/index.php\/wp-json\/wp\/v2\/users\/1"}],"replies":[{"embeddable":true,"href":"https:\/\/www.lanouvellejerusalem.be\/index.php\/wp-json\/wp\/v2\/comments?post=1623"}],"version-history":[{"count":3,"href":"https:\/\/www.lanouvellejerusalem.be\/index.php\/wp-json\/wp\/v2\/pages\/1623\/revisions"}],"predecessor-version":[{"id":1632,"href":"https:\/\/www.lanouvellejerusalem.be\/index.php\/wp-json\/wp\/v2\/pages\/1623\/revisions\/1632"}],"wp:attachment":[{"href":"https:\/\/www.lanouvellejerusalem.be\/index.php\/wp-json\/wp\/v2\/media?parent=1623"}],"curies":[{"name":"wp","href":"https:\/\/api.w.org\/{rel}","templated":true}]}}