{"id":1680,"date":"2023-09-13T15:22:35","date_gmt":"2023-09-13T13:22:35","guid":{"rendered":"http:\/\/www.lanouvellejerusalem.be\/?page_id=1680"},"modified":"2023-09-20T16:44:42","modified_gmt":"2023-09-20T14:44:42","slug":"1680-2","status":"publish","type":"page","link":"https:\/\/www.lanouvellejerusalem.be\/index.php\/1680-2\/","title":{"rendered":""},"content":{"rendered":"\n<div class=\"wp-block-group alignfull pattern_multiple_covers has-global-padding is-layout-constrained wp-block-group-is-layout-constrained\" id=\"services\">\n<div style=\"height:46px\" aria-hidden=\"true\" class=\"wp-block-spacer\"><\/div>\n\n\n\n<div class=\"wp-block-columns is-layout-flex wp-container-core-columns-is-layout-28f84493 wp-block-columns-is-layout-flex\">\n<div class=\"wp-block-column is-layout-flow wp-block-column-is-layout-flow\" style=\"padding-top:0;padding-right:0;padding-bottom:0;padding-left:0\">\n<div class=\"wp-block-cover has-custom-content-position is-position-bottom-left\" style=\"padding-top:var(--wp--preset--spacing--small);padding-right:var(--wp--preset--spacing--small);padding-bottom:var(--wp--preset--spacing--small);padding-left:var(--wp--preset--spacing--small)\"><span aria-hidden=\"true\" class=\"wp-block-cover__background has-secondary-background-color has-background-dim-10 has-background-dim\"><\/span><img loading=\"lazy\" decoding=\"async\" width=\"1080\" height=\"1080\" class=\"wp-block-cover__image-background wp-image-1757\" alt=\"\" src=\"http:\/\/www.lanouvellejerusalem.be\/wp-content\/uploads\/2023\/09\/23-1.jpg\" data-object-fit=\"cover\" srcset=\"https:\/\/www.lanouvellejerusalem.be\/wp-content\/uploads\/2023\/09\/23-1.jpg 1080w, https:\/\/www.lanouvellejerusalem.be\/wp-content\/uploads\/2023\/09\/23-1-300x300.jpg 300w, https:\/\/www.lanouvellejerusalem.be\/wp-content\/uploads\/2023\/09\/23-1-1024x1024.jpg 1024w, https:\/\/www.lanouvellejerusalem.be\/wp-content\/uploads\/2023\/09\/23-1-150x150.jpg 150w, https:\/\/www.lanouvellejerusalem.be\/wp-content\/uploads\/2023\/09\/23-1-768x768.jpg 768w\" sizes=\"auto, (max-width: 1080px) 100vw, 1080px\" \/><div class=\"wp-block-cover__inner-container is-layout-flow wp-block-cover-is-layout-flow\">\n<h3 class=\"wp-block-heading has-white-color has-text-color has-max-36-font-size\" style=\"margin-top:0;margin-right:0;margin-bottom:0;margin-left:0\">Photos d&rsquo;archive<\/h3>\n\n\n\n<p class=\"has-background-color has-text-color\" style=\"margin-top:0;margin-right:0;margin-bottom:0;margin-left:0\"><a href=\"http:\/\/www.lanouvellejerusalem.be\/index.php\/1687-2\/\">A DECOUVRIR ICI\u2192<\/a><\/p>\n<\/div><\/div>\n<\/div>\n\n\n\n<div class=\"wp-block-column is-layout-flow wp-block-column-is-layout-flow\" style=\"padding-top:0;padding-right:0;padding-bottom:0;padding-left:0\">\n<div class=\"wp-block-cover is-light has-custom-content-position is-position-bottom-left\" style=\"padding-top:var(--wp--preset--spacing--small);padding-right:var(--wp--preset--spacing--small);padding-bottom:var(--wp--preset--spacing--small);padding-left:var(--wp--preset--spacing--small)\"><span aria-hidden=\"true\" class=\"wp-block-cover__background has-secondary-background-color has-background-dim-10 has-background-dim\"><\/span><img loading=\"lazy\" decoding=\"async\" width=\"2560\" height=\"1708\" class=\"wp-block-cover__image-background wp-image-1512\" alt=\"\" src=\"http:\/\/www.lanouvellejerusalem.be\/wp-content\/uploads\/2023\/08\/DSC_0264-1-scaled.jpg\" data-object-fit=\"cover\" srcset=\"https:\/\/www.lanouvellejerusalem.be\/wp-content\/uploads\/2023\/08\/DSC_0264-1-scaled.jpg 2560w, https:\/\/www.lanouvellejerusalem.be\/wp-content\/uploads\/2023\/08\/DSC_0264-1-300x200.jpg 300w, https:\/\/www.lanouvellejerusalem.be\/wp-content\/uploads\/2023\/08\/DSC_0264-1-1024x683.jpg 1024w, https:\/\/www.lanouvellejerusalem.be\/wp-content\/uploads\/2023\/08\/DSC_0264-1-768x512.jpg 768w, https:\/\/www.lanouvellejerusalem.be\/wp-content\/uploads\/2023\/08\/DSC_0264-1-1536x1025.jpg 1536w, https:\/\/www.lanouvellejerusalem.be\/wp-content\/uploads\/2023\/08\/DSC_0264-1-2048x1367.jpg 2048w\" sizes=\"auto, (max-width: 2560px) 100vw, 2560px\" \/><div class=\"wp-block-cover__inner-container is-layout-flow wp-block-cover-is-layout-flow\">\n<h3 class=\"wp-block-heading has-white-color has-text-color has-max-36-font-size\" style=\"margin-top:0;margin-right:0;margin-bottom:0;margin-left:0\">Photos soir\u00e9e de comm\u00e9moration et \u00e9pisodes du reportage<\/h3>\n\n\n\n<p style=\"margin-top:0;margin-right:0;margin-bottom:0;margin-left:0\"><a href=\"http:\/\/www.lanouvellejerusalem.be\/index.php\/1050-2\/\" data-type=\"page\" data-id=\"1736\">A DECOUVRIR ICI\u2192<\/a><\/p>\n<\/div><\/div>\n<\/div>\n<\/div>\n\n\n\n<div style=\"height:103px\" aria-hidden=\"true\" class=\"wp-block-spacer\"><\/div>\n<\/div>\n\n\n\n<div class=\"wp-block-group has-global-padding is-layout-constrained wp-block-group-is-layout-constrained\"><\/div>\n\n\n\n<div style=\"height:0px\" aria-hidden=\"true\" class=\"wp-block-spacer\"><\/div>\n","protected":false},"excerpt":{"rendered":"","protected":false},"author":1,"featured_media":0,"parent":0,"menu_order":0,"comment_status":"closed","ping_status":"closed","template":"","meta":{"_eb_attr":"","footnotes":""},"class_list":["post-1680","page","type-page","status-publish","hentry"],"featured_media_urls":[],"mfb_rest_fields":["gutenberg_elementor_mode","featured_media_urls"],"_links":{"self":[{"href":"https:\/\/www.lanouvellejerusalem.be\/index.php\/wp-json\/wp\/v2\/pages\/1680","targetHints":{"allow":["GET"]}}],"collection":[{"href":"https:\/\/www.lanouvellejerusalem.be\/index.php\/wp-json\/wp\/v2\/pages"}],"about":[{"href":"https:\/\/www.lanouvellejerusalem.be\/index.php\/wp-json\/wp\/v2\/types\/page"}],"author":[{"embeddable":true,"href":"https:\/\/www.lanouvellejerusalem.be\/index.php\/wp-json\/wp\/v2\/users\/1"}],"replies":[{"embeddable":true,"href":"https:\/\/www.lanouvellejerusalem.be\/index.php\/wp-json\/wp\/v2\/comments?post=1680"}],"version-history":[{"count":12,"href":"https:\/\/www.lanouvellejerusalem.be\/index.php\/wp-json\/wp\/v2\/pages\/1680\/revisions"}],"predecessor-version":[{"id":1759,"href":"https:\/\/www.lanouvellejerusalem.be\/index.php\/wp-json\/wp\/v2\/pages\/1680\/revisions\/1759"}],"wp:attachment":[{"href":"https:\/\/www.lanouvellejerusalem.be\/index.php\/wp-json\/wp\/v2\/media?parent=1680"}],"curies":[{"name":"wp","href":"https:\/\/api.w.org\/{rel}","templated":true}]}}