{"id":2960,"date":"2025-06-19T11:32:47","date_gmt":"2025-06-19T09:32:47","guid":{"rendered":"https:\/\/www.lanouvellejerusalem.be\/?page_id=2960"},"modified":"2026-03-10T11:59:02","modified_gmt":"2026-03-10T10:59:02","slug":"communiques-de-la-semaine-16-22juin","status":"publish","type":"page","link":"https:\/\/www.lanouvellejerusalem.be\/index.php\/communiques-de-la-semaine-16-22juin\/","title":{"rendered":"Communiqu\u00e9s de la semaine"},"content":{"rendered":"\n<p>9 au 15 mars 2026<\/p>\n\n\n\n<ol class=\"wp-block-list\">\n<li>Le d\u00e9partement des hommes organise une r\u00e9union ce samedi 14 mars de 16h \u00e0 18h sur le th\u00e8me : \u00abVivre aujourd\u2019hui s masculinit\u00e9 selon la Bible \u00bb<\/li>\n<\/ol>\n\n\n\n<p>2.  La 34e convention de l\u2019\u00e9glise de Dieu en Belgique La Nouvelle J\u00e9rusalem se tiendra du vendredi 3 au dimanche 5 avril 2026 au Spiroudome de Charleroi. Vous pouvez d\u00e9poser dans les paniers des offrandes votre engagement.<\/p>\n\n\n\n<p>Les minist\u00e8res suivants recrutent des b\u00e9n\u00e9voles pour la convention. Pour l\u2019accueil vous pouvez contacter maman Nad\u00e8ge Tchoufag, pour le service d\u2019ordre Papa Serge Boumnyemb ou le Fr Manu et pour l\u2019Ecodim Maman Bibiche. L\u2019\u00e9glise met \u00e0 la disposition de ses membres un car qui fera la navette \u00e0 partir de Picard jusqu\u2019au Spiroudome \u00e0 Charleroi le samedi 4 et le dimanche 5 avril.<\/p>\n\n\n\n<p>Sont prioritaires dans le car : les seniors de plus de 65 ans (v\u00e9hicul\u00e9s ou non), les familles avec enfants non v\u00e9hicul\u00e9es et les personnes isol\u00e9es non v\u00e9hicul\u00e9es.<\/p>\n\n\n\n<p>Le Rdv pour ces 2 jours est \u00e0 8h30 \u00e0 l\u2019\u00e9glise et pour le retour le rdv \u00e0 17h30 au Spiroud\u00f4me.<\/p>\n\n\n\n<p>Le car ne fera pas de stop entre Picard et le Spiroudome et il sera tr\u00e8s ponctuel sur les heures de d\u00e9part.<\/p>\n\n\n\n<p>Pour avoir une place dans le car il faut imp\u00e9rativement s\u2019inscrire d\u00e8s la fin de ce culte aupr\u00e8s des fr\u00e8res Serge et Manu du service d\u2019ordre en donnant votre nom, num\u00e9ro de gsm et le nombre de personne.<\/p>\n\n\n\n<p>3. Le d\u00e9partement rappelle la tenue de leur retraite annuelle qui se d\u00e9roulera du jeudi 30 avril au samedi 2 mai prochain dans le merveilleux cadre du domaine Mont des Pins \u00e0 Durbuy. Les femmes de toute \u00e2ge sont les bienvenues.<\/p>\n\n\n\n<p>Le prix est de 180 euros pour les adultes et les ados de 12ans et plus, et de 130 euros pour les enfants de 3 \u00e0 11 ans, c\u2019est gratuit pour les b\u00e9b\u00e9s de 0 \u00e0 2ans.<\/p>\n\n\n\n<p>Les inscriptions se font d\u00e8s la fin du culte aupr\u00e8s des mamans Angela, Nyota, Virginie et Niclette avec un acompte de 50 euros<\/p>\n\n\n\n<p>4. Si vous d\u00e9sirez passer par les eaux du bapt\u00eame veuillez contacter Papa Hyppolite ou le secr\u00e9tariat de l\u2019\u00e9glise pendant les heures de bureau. La prochaine session aura lieu le vendredi 24 avril.<\/p>\n\n\n\n<p><\/p>\n","protected":false},"excerpt":{"rendered":"<p>9 au 15 mars 2026 2. La 34e convention de l\u2019\u00e9glise de Dieu en Belgique La Nouvelle J\u00e9rusalem se tiendra du vendredi 3 au dimanche 5 avril 2026 au Spiroudome de Charleroi. Vous pouvez d\u00e9poser dans les paniers des offrandes votre engagement. Les minist\u00e8res suivants recrutent des b\u00e9n\u00e9voles pour la convention. Pour l\u2019accueil vous pouvez [&hellip;]<\/p>\n","protected":false},"author":1,"featured_media":0,"parent":0,"menu_order":0,"comment_status":"closed","ping_status":"closed","template":"","meta":{"_eb_attr":"","footnotes":""},"class_list":["post-2960","page","type-page","status-publish","hentry"],"featured_media_urls":[],"mfb_rest_fields":["gutenberg_elementor_mode","featured_media_urls"],"_links":{"self":[{"href":"https:\/\/www.lanouvellejerusalem.be\/index.php\/wp-json\/wp\/v2\/pages\/2960","targetHints":{"allow":["GET"]}}],"collection":[{"href":"https:\/\/www.lanouvellejerusalem.be\/index.php\/wp-json\/wp\/v2\/pages"}],"about":[{"href":"https:\/\/www.lanouvellejerusalem.be\/index.php\/wp-json\/wp\/v2\/types\/page"}],"author":[{"embeddable":true,"href":"https:\/\/www.lanouvellejerusalem.be\/index.php\/wp-json\/wp\/v2\/users\/1"}],"replies":[{"embeddable":true,"href":"https:\/\/www.lanouvellejerusalem.be\/index.php\/wp-json\/wp\/v2\/comments?post=2960"}],"version-history":[{"count":37,"href":"https:\/\/www.lanouvellejerusalem.be\/index.php\/wp-json\/wp\/v2\/pages\/2960\/revisions"}],"predecessor-version":[{"id":3085,"href":"https:\/\/www.lanouvellejerusalem.be\/index.php\/wp-json\/wp\/v2\/pages\/2960\/revisions\/3085"}],"wp:attachment":[{"href":"https:\/\/www.lanouvellejerusalem.be\/index.php\/wp-json\/wp\/v2\/media?parent=2960"}],"curies":[{"name":"wp","href":"https:\/\/api.w.org\/{rel}","templated":true}]}}