{"id":602,"date":"2023-07-30T10:39:04","date_gmt":"2023-07-30T08:39:04","guid":{"rendered":"http:\/\/www.lanouvellejerusalem.be\/?page_id=602"},"modified":"2023-07-30T12:06:37","modified_gmt":"2023-07-30T10:06:37","slug":"faq","status":"publish","type":"page","link":"https:\/\/www.lanouvellejerusalem.be\/index.php\/faq\/","title":{"rendered":"FAQ"},"content":{"rendered":"\n<p>Que dois-je faire si<\/p>\n\n\n\n<p>Je veux me faire <strong>baptiser<\/strong>?<br>Contactez le minist\u00e8re des affermissement : Hippolyte Mukalay &#8211; +32 489 17 76 40<\/p>\n\n\n\n<p>Je veux <strong>rencontrer le Pasteur<\/strong>?<br>Contactez le Pasteur ou le secr\u00e9tariat de l\u2019\u00e9glise.<\/p>\n\n\n\n<p>Je veux me <strong>marier<\/strong>? Il est demand\u00e9 aux futurs mari\u00e9s de consulter l\u2019agenda des mariages de l\u2019\u00e9glise aupr\u00e8s du secr\u00e9tariat avant de confirmer leur date<\/p>\n\n\n\n<p>Je veux pr\u00e9senter mon <strong>enfant<\/strong>? Veuillez consulter l\u2019agenda de l\u2019\u00e9glise aupr\u00e8s du secr\u00e9tariat avant de confirmer la date. <\/p>\n\n\n\n<p>J\u2019ai besoin d&rsquo;une <strong>assistance sociale<\/strong>?<br>Contactez le service social: Pasteur Nina Kiswaka:  +32 472 67 26 61<\/p>\n\n\n\n<p>Je suis <strong>malade<\/strong> et je souhaite \u00eatre visit\u00e9 ou besoin d\u2019une pri\u00e8re? Contactez le secr\u00e9tariat. <\/p>\n\n\n\n<p>Je souhaite int\u00e9grer un <strong>minist\u00e8re<\/strong> de l\u2019\u00e9glise?<br>Contactez le secr\u00e9tariat<\/p>\n\n\n\n<p>Je veux annoncer un <strong>d\u00e9c\u00e8s<\/strong>? <br>Contactez le service social. Pasteur Nina Kiswaka:  +32 472 67 26 61<\/p>\n\n\n\n<p>Je veux organiser les <strong>obs\u00e8ques<\/strong> d\u2019un proche \u00e0 l\u2019\u00e9glise? Il est demand\u00e9 de consulter l\u2019agenda de l\u2019\u00e9glise avant de confirmer une date.  <\/p>\n\n\n\n<p><\/p>\n","protected":false},"excerpt":{"rendered":"<p>Que dois-je faire si Je veux me faire baptiser?Contactez le minist\u00e8re des affermissement : Hippolyte Mukalay &#8211; +32 489 17 76 40 Je veux rencontrer le Pasteur?Contactez le Pasteur ou le secr\u00e9tariat de l\u2019\u00e9glise. Je veux me marier? Il est demand\u00e9 aux futurs mari\u00e9s de consulter l\u2019agenda des mariages de l\u2019\u00e9glise aupr\u00e8s du secr\u00e9tariat avant [&hellip;]<\/p>\n","protected":false},"author":1,"featured_media":0,"parent":0,"menu_order":0,"comment_status":"closed","ping_status":"closed","template":"","meta":{"_eb_attr":"","footnotes":""},"class_list":["post-602","page","type-page","status-publish","hentry"],"featured_media_urls":[],"mfb_rest_fields":["gutenberg_elementor_mode","featured_media_urls"],"_links":{"self":[{"href":"https:\/\/www.lanouvellejerusalem.be\/index.php\/wp-json\/wp\/v2\/pages\/602","targetHints":{"allow":["GET"]}}],"collection":[{"href":"https:\/\/www.lanouvellejerusalem.be\/index.php\/wp-json\/wp\/v2\/pages"}],"about":[{"href":"https:\/\/www.lanouvellejerusalem.be\/index.php\/wp-json\/wp\/v2\/types\/page"}],"author":[{"embeddable":true,"href":"https:\/\/www.lanouvellejerusalem.be\/index.php\/wp-json\/wp\/v2\/users\/1"}],"replies":[{"embeddable":true,"href":"https:\/\/www.lanouvellejerusalem.be\/index.php\/wp-json\/wp\/v2\/comments?post=602"}],"version-history":[{"count":3,"href":"https:\/\/www.lanouvellejerusalem.be\/index.php\/wp-json\/wp\/v2\/pages\/602\/revisions"}],"predecessor-version":[{"id":617,"href":"https:\/\/www.lanouvellejerusalem.be\/index.php\/wp-json\/wp\/v2\/pages\/602\/revisions\/617"}],"wp:attachment":[{"href":"https:\/\/www.lanouvellejerusalem.be\/index.php\/wp-json\/wp\/v2\/media?parent=602"}],"curies":[{"name":"wp","href":"https:\/\/api.w.org\/{rel}","templated":true}]}}